{"id":1368,"date":"2016-02-12T08:09:36","date_gmt":"2016-02-12T08:09:36","guid":{"rendered":"http:\/\/demos.famethemes.com\/onepress\/?page_id=17"},"modified":"2022-05-06T17:45:52","modified_gmt":"2022-05-06T20:45:52","slug":"our-history","status":"publish","type":"page","link":"https:\/\/mlmservicios.com\/?page_id=1368","title":{"rendered":"Nuestra Historia"},"content":{"rendered":"\t\t<div data-elementor-type=\"wp-page\" data-elementor-id=\"1368\" class=\"elementor elementor-1368\">\n\t\t\t\t\t\t<section class=\"elementor-section elementor-top-section elementor-element elementor-element-2bfe6f4f elementor-section-full_width elementor-section-height-default elementor-section-height-default\" data-id=\"2bfe6f4f\" data-element_type=\"section\" data-e-type=\"section\">\n\t\t\t\t\t\t<div class=\"elementor-container elementor-column-gap-default\">\n\t\t\t\t\t<div class=\"elementor-column elementor-col-100 elementor-top-column elementor-element elementor-element-653e26fc\" data-id=\"653e26fc\" data-element_type=\"column\" data-e-type=\"column\">\n\t\t\t<div class=\"elementor-widget-wrap elementor-element-populated\">\n\t\t\t\t\t\t<div class=\"elementor-element elementor-element-65a215f3 elementor-widget elementor-widget-text-editor\" data-id=\"65a215f3\" data-element_type=\"widget\" data-e-type=\"widget\" data-widget_type=\"text-editor.default\">\n\t\t\t\t<div class=\"elementor-widget-container\">\n\t\t\t\t\t\t\t\t\t<p><img decoding=\"async\" class=\"alignleft wp-image-24 size-thumbnail\" src=\"https:\/\/mlmservicios.com\/wp-content\/uploads\/2021\/09\/DSCN1252-150x150.jpg\" alt=\"\" width=\"150\" height=\"150\" \/>Esta empresa se form\u00f3 en el a\u00f1o 2008, como una empresa de servicios cuya raz\u00f3n principal es el rubro del Mantenimiento Preventivo y\/o Correctivo de Grupos Electr\u00f3genos, sumando con el correr de los meses la Instalaci\u00f3n de Grupos Electr\u00f3genos y Aire Acondicionados.<br \/>Nuestro principal cliente en esa fecha, era la empresa Greenworking S.A, antiguamente llamada, Lan Group S.R.L.. Se realizaron dada la relaci\u00f3n laboral que hab\u00eda con esta empresa, trabajos en los 4 bancos que posee el Grupo Petersen .Haciendo especial hincapi\u00e9 en las actividades desarrolladas en el Nuevo Banco de Santa Fe y el Nuevo Banco de Santa Cruz.<br \/>Nuestros primeros trabajos se llevaron a cabo con las visitas a 44 Grupos Electr\u00f3genos, para el Nuevo Banco de Santa Fe a lo largo de la Provincia de Santa Fe y en la ciudad de Buenos Aires.<br \/>Junto con los Grupos, se produc\u00edan tambi\u00e9n la Instalaci\u00f3n de los Tableros de Transferencias Autom\u00e1ticas y trabajo de cableados en diferentes sucursales.<\/p><ul><li><span style=\"font-size: 14px;\">\u00a0Instalaci\u00f3n de Grupos Electr\u00f3genos desde 30-33 Kva a 400 Kva.<\/span><\/li><li><span style=\"font-size: 14px;\">Instalaci\u00f3n de Tableros de Transferencia Autom\u00e1tica.<\/span><\/li><li><span style=\"font-size: 14px;\">Instalaci\u00f3n de Sistema de Aire Acondicionado por ductos.<\/span><\/li><li><span style=\"font-size: 14px;\">Instalaci\u00f3n de Aires Acondicionados tipo confort .<\/span><\/li><li><span style=\"font-size: 14px;\">Tareas de Mantenimiento Preventivo de Grupos Electr\u00f3genos.<\/span><\/li><li><span style=\"font-size: 14px;\">Tareas de Mantenimiento Correctivo de Grupos Electr\u00f3genos .<\/span><\/li><li><span style=\"font-size: 14px;\">Trabajos de limpieza de Tanques de combustibles de los Grupos Electr\u00f3genos.<\/span><\/li><li><span style=\"font-size: 14px;\">Trabajos de Instalaci\u00f3n de Tanques adicionales de combustibles en Grupos Electr\u00f3genos que ten\u00edan poca capacidad.<\/span><\/li><li><span style=\"font-size: 14px;\">Trabajos de limpieza de Bombas Inyectoras e Inyectores con sistema port\u00e1til de ultrasonido para limpieza de inyectores.<\/span><\/li><li><span style=\"font-size: 14px;\">Trabajos de construcci\u00f3n de bateas antiderrames para los Grupos Electr\u00f3genos<\/span><\/li><li><span style=\"font-size: 14px;\">Trabajo de cambio de cableados completos en sucursales.<\/span><\/li><li><span style=\"font-size: 14px;\">Trabajo de cambio de tableros de Baja Tensi\u00f3n.<\/span><\/li><li><span style=\"font-size: 14px;\">Trabajo de cambio de Aceite , Liquido Refrigerante y Filtros ( incluye tanto filtros de Aceite, de Combustible y de Aire), trabajo que se realizaba en forma anual .<\/span><\/li><li><span style=\"font-size: 14px;\">Trabajo de cambio de bater\u00edas ( la vida \u00fatil de cada bater\u00eda es de aproximadamente 3 a\u00f1os).<\/span><\/li><li><span style=\"font-size: 14px;\">Trabajo de instalaci\u00f3n de sistemas de carga de combustible ( sistema que incluye bomba centrifuga)<\/span><\/li><li><span style=\"font-size: 14px;\">Trabajo de reposici\u00f3n de combustible no solo de los tanques de los grupos , tambi\u00e9n se realizo en varias oportunidades el traslado y la recarga de las cubas de combustible que poseen los Grupos Electr\u00f3genos de Casa Rosario.<\/span><\/li><li><span style=\"font-size: 14px;\">Trabajo de cambio y rotaci\u00f3n de Grupos Electr\u00f3genos ( en algunos casos sea llegado a realizar el intercambio de grupos en 3 sucursales juntas en el mismo movimiento).<\/span><\/li><li><span style=\"font-size: 14px;\">Trabajos de Guardia Preventivas en Sucursales ante cortes programados de larga duraci\u00f3n.<\/span><\/li><li><span style=\"font-size: 14px;\">Trabajo de reemplazo de cabinados<\/span><\/li><li><span style=\"font-size: 14px;\">Trabajo de Automatizaci\u00f3n de Grupos Electr\u00f3genos<\/span><\/li><\/ul><p><span style=\"color: var( --e-global-color-text ); font-family: var( --e-global-typography-text-font-family ), Sans-serif; font-weight: var( --e-global-typography-text-font-weight );\"> <img decoding=\"async\" class=\"alignleft wp-image-1559 size-thumbnail\" src=\"https:\/\/mlmservicios.com\/wp-content\/uploads\/2022\/01\/Franck-Retiro-de-Grupo-Electrogeno-de-Sucursal-13-150x150.jpg\" alt=\"\" width=\"150\" height=\"150\" \/><\/span><\/p><p><span style=\"color: var( --e-global-color-text ); font-family: var( --e-global-typography-text-font-family ), Sans-serif; font-weight: var( --e-global-typography-text-font-weight );\">Desde el a\u00f1o 2009 se llevaron a cabo los trabajos de Instalaci\u00f3n de Grupos Electr\u00f3genos y Tableros de Transferencia Autom\u00e1tica, en las siguientes sucursales, que a la fecha tambi\u00e9n realizamos el Mantenimiento Preventivo y\/o correctivo correspondiente, elevando el total de Grupos atendidos a la fecha a 108. Todas las Instalaciones mencionadas m\u00e1s abajo pertenecen al Nuevo Banco de Santa Fe.<\/span><\/p>\t\t\t\t\t\t\t\t<\/div>\n\t\t\t\t<\/div>\n\t\t\t\t\t<\/div>\n\t\t<\/div>\n\t\t\t\t\t<\/div>\n\t\t<\/section>\n\t\t\t\t<section class=\"elementor-section elementor-top-section elementor-element elementor-element-d2b5ce3 elementor-section-boxed elementor-section-height-default elementor-section-height-default\" data-id=\"d2b5ce3\" data-element_type=\"section\" data-e-type=\"section\">\n\t\t\t\t\t\t<div class=\"elementor-container elementor-column-gap-default\">\n\t\t\t\t\t<div class=\"elementor-column elementor-col-100 elementor-top-column elementor-element elementor-element-c313a20\" data-id=\"c313a20\" data-element_type=\"column\" data-e-type=\"column\">\n\t\t\t<div class=\"elementor-widget-wrap elementor-element-populated\">\n\t\t\t\t\t\t<div class=\"elementor-element elementor-element-ad8a3f7 elementor-widget elementor-widget-google_maps\" data-id=\"ad8a3f7\" data-element_type=\"widget\" data-e-type=\"widget\" data-widget_type=\"google_maps.default\">\n\t\t\t\t<div class=\"elementor-widget-container\">\n\t\t\t\t\t\t\t<div class=\"elementor-custom-embed\">\n\t\t\t<iframe loading=\"lazy\"\n\t\t\t\t\tsrc=\"https:\/\/maps.google.com\/maps?q=Cafferata%202012&#038;t=m&#038;z=17&#038;output=embed&#038;iwloc=near\"\n\t\t\t\t\ttitle=\"Cafferata 2012\"\n\t\t\t\t\taria-label=\"Cafferata 2012\"\n\t\t\t><\/iframe>\n\t\t<\/div>\n\t\t\t\t\t\t<\/div>\n\t\t\t\t<\/div>\n\t\t\t\t\t<\/div>\n\t\t<\/div>\n\t\t\t\t\t<\/div>\n\t\t<\/section>\n\t\t\t\t<section class=\"elementor-section elementor-top-section elementor-element elementor-element-2006682 elementor-section-boxed elementor-section-height-default elementor-section-height-default\" data-id=\"2006682\" data-element_type=\"section\" data-e-type=\"section\">\n\t\t\t\t\t\t<div class=\"elementor-container elementor-column-gap-default\">\n\t\t\t\t\t<div class=\"elementor-column elementor-col-100 elementor-top-column elementor-element elementor-element-c628a8d\" data-id=\"c628a8d\" data-element_type=\"column\" data-e-type=\"column\">\n\t\t\t<div class=\"elementor-widget-wrap elementor-element-populated\">\n\t\t\t\t\t\t<div class=\"elementor-element elementor-element-c6f7404 elementor--star-style-star_fontawesome elementor-widget elementor-widget-star-rating\" data-id=\"c6f7404\" data-element_type=\"widget\" data-e-type=\"widget\" data-widget_type=\"star-rating.default\">\n\t\t\t\t<div class=\"elementor-widget-container\">\n\t\t\t\t\t\t\t<div class=\"elementor-star-rating__wrapper\">\n\t\t\t\t\t\t<div class=\"elementor-star-rating\" itemtype=\"http:\/\/schema.org\/Rating\" itemscope=\"\" itemprop=\"reviewRating\">\n\t\t\t\t<i class=\"elementor-star-full\" aria-hidden=\"true\">&#xE934;<\/i><i class=\"elementor-star-full\" aria-hidden=\"true\">&#xE934;<\/i><i class=\"elementor-star-full\" aria-hidden=\"true\">&#xE934;<\/i><i class=\"elementor-star-full\" aria-hidden=\"true\">&#xE934;<\/i><i class=\"elementor-star-full\" aria-hidden=\"true\">&#xE934;<\/i>\t\t\t\t<span itemprop=\"ratingValue\" class=\"elementor-screen-only\">Rated 5 out of 5<\/span>\n\t\t\t<\/div>\n\t\t<\/div>\n\t\t\t\t\t\t<\/div>\n\t\t\t\t<\/div>\n\t\t\t\t\t<\/div>\n\t\t<\/div>\n\t\t\t\t\t<\/div>\n\t\t<\/section>\n\t\t\t\t<\/div>\n\t\t","protected":false},"excerpt":{"rendered":"<p>Nullam ut tempor eros. Donec faucibus, velit et imperdiet aliquam, lacus velit luctus urna, vitae porttitor orci libero id felis.<\/p>\n","protected":false},"author":2,"featured_media":18,"parent":0,"menu_order":0,"comment_status":"closed","ping_status":"closed","template":"","meta":{"footnotes":""},"class_list":["post-1368","page","type-page","status-publish","has-post-thumbnail","hentry"],"_links":{"self":[{"href":"https:\/\/mlmservicios.com\/index.php?rest_route=\/wp\/v2\/pages\/1368","targetHints":{"allow":["GET"]}}],"collection":[{"href":"https:\/\/mlmservicios.com\/index.php?rest_route=\/wp\/v2\/pages"}],"about":[{"href":"https:\/\/mlmservicios.com\/index.php?rest_route=\/wp\/v2\/types\/page"}],"author":[{"embeddable":true,"href":"https:\/\/mlmservicios.com\/index.php?rest_route=\/wp\/v2\/users\/2"}],"replies":[{"embeddable":true,"href":"https:\/\/mlmservicios.com\/index.php?rest_route=%2Fwp%2Fv2%2Fcomments&post=1368"}],"version-history":[{"count":28,"href":"https:\/\/mlmservicios.com\/index.php?rest_route=\/wp\/v2\/pages\/1368\/revisions"}],"predecessor-version":[{"id":1710,"href":"https:\/\/mlmservicios.com\/index.php?rest_route=\/wp\/v2\/pages\/1368\/revisions\/1710"}],"wp:featuredmedia":[{"embeddable":true,"href":"https:\/\/mlmservicios.com\/index.php?rest_route=\/"}],"wp:attachment":[{"href":"https:\/\/mlmservicios.com\/index.php?rest_route=%2Fwp%2Fv2%2Fmedia&parent=1368"}],"curies":[{"name":"wp","href":"https:\/\/api.w.org\/{rel}","templated":true}]}}